{"id":141,"date":"2020-02-11T12:00:14","date_gmt":"2020-02-11T12:00:14","guid":{"rendered":"https:\/\/www.podologie-wasserburg.de\/?page_id=141"},"modified":"2020-02-11T13:20:16","modified_gmt":"2020-02-11T13:20:16","slug":"podologische-behandlung","status":"publish","type":"page","link":"https:\/\/www.podologie-wasserburg.de\/index.php\/leistungen\/podologische-behandlung\/","title":{"rendered":"Podologische Behandlung"},"content":{"rendered":"<div class=\"fusion-fullwidth fullwidth-box fusion-builder-row-1 fusion-flex-container nonhundred-percent-fullwidth non-hundred-percent-height-scrolling\" style=\"--awb-border-radius-top-left:0px;--awb-border-radius-top-right:0px;--awb-border-radius-bottom-right:0px;--awb-border-radius-bottom-left:0px;--awb-flex-wrap:wrap;\" ><div class=\"fusion-builder-row fusion-row fusion-flex-align-items-flex-start fusion-flex-content-wrap\" style=\"max-width:1144px;margin-left: calc(-4% \/ 2 );margin-right: calc(-4% \/ 2 );\"><div class=\"fusion-layout-column fusion_builder_column fusion-builder-column-0 fusion_builder_column_2_3 2_3 fusion-flex-column\" style=\"--awb-bg-size:cover;--awb-width-large:66.666666666667%;--awb-margin-top-large:0px;--awb-spacing-right-large:3.84%;--awb-margin-bottom-large:20px;--awb-spacing-left-large:2.88%;--awb-width-medium:100%;--awb-spacing-right-medium:1.92%;--awb-spacing-left-medium:1.92%;--awb-width-small:100%;--awb-spacing-right-small:1.92%;--awb-spacing-left-small:1.92%;\"><div class=\"fusion-column-wrapper fusion-column-has-shadow fusion-flex-justify-content-flex-start fusion-content-layout-column\"><div class=\"fusion-image-element \" style=\"--awb-caption-title-font-family:var(--h2_typography-font-family);--awb-caption-title-font-weight:var(--h2_typography-font-weight);--awb-caption-title-font-style:var(--h2_typography-font-style);--awb-caption-title-size:var(--h2_typography-font-size);--awb-caption-title-transform:var(--h2_typography-text-transform);--awb-caption-title-line-height:var(--h2_typography-line-height);--awb-caption-title-letter-spacing:var(--h2_typography-letter-spacing);\"><span class=\" fusion-imageframe imageframe-none imageframe-1 hover-type-none\"><img decoding=\"async\" width=\"600\" height=\"401\" title=\"Nagelschicht abtragen mit Fr\u00e4ser\" src=\"https:\/\/www.podologie-wasserburg.de\/wp-content\/uploads\/2020\/01\/Adobe-redux.jpg\" data-orig-src=\"https:\/\/www.podologie-wasserburg.de\/wp-content\/uploads\/2020\/01\/Adobe-redux-600x401.jpg\" alt class=\"lazyload img-responsive wp-image-68\" srcset=\"data:image\/svg+xml,%3Csvg%20xmlns%3D%27http%3A%2F%2Fwww.w3.org%2F2000%2Fsvg%27%20width%3D%27945%27%20height%3D%27631%27%20viewBox%3D%270%200%20945%20631%27%3E%3Crect%20width%3D%27945%27%20height%3D%27631%27%20fill-opacity%3D%220%22%2F%3E%3C%2Fsvg%3E\" data-srcset=\"https:\/\/www.podologie-wasserburg.de\/wp-content\/uploads\/2020\/01\/Adobe-redux-200x134.jpg 200w, https:\/\/www.podologie-wasserburg.de\/wp-content\/uploads\/2020\/01\/Adobe-redux-400x267.jpg 400w, https:\/\/www.podologie-wasserburg.de\/wp-content\/uploads\/2020\/01\/Adobe-redux-600x401.jpg 600w, https:\/\/www.podologie-wasserburg.de\/wp-content\/uploads\/2020\/01\/Adobe-redux-800x534.jpg 800w, https:\/\/www.podologie-wasserburg.de\/wp-content\/uploads\/2020\/01\/Adobe-redux.jpg 945w\" data-sizes=\"auto\" data-orig-sizes=\"(max-width: 1024px) 100vw, (max-width: 640px) 100vw, 800px\" \/><\/span><\/div><\/div><\/div><div class=\"fusion-layout-column fusion_builder_column fusion-builder-column-1 fusion_builder_column_1_3 1_3 fusion-flex-column\" style=\"--awb-bg-size:cover;--awb-width-large:33.333333333333%;--awb-margin-top-large:0px;--awb-spacing-right-large:5.76%;--awb-margin-bottom-large:20px;--awb-spacing-left-large:3.8399999999999%;--awb-width-medium:100%;--awb-spacing-right-medium:1.92%;--awb-spacing-left-medium:1.92%;--awb-width-small:100%;--awb-spacing-right-small:1.92%;--awb-spacing-left-small:1.92%;\"><div class=\"fusion-column-wrapper fusion-column-has-shadow fusion-flex-justify-content-flex-start fusion-content-layout-column\"><div class=\"fusion-image-element \" style=\"--awb-caption-title-font-family:var(--h2_typography-font-family);--awb-caption-title-font-weight:var(--h2_typography-font-weight);--awb-caption-title-font-style:var(--h2_typography-font-style);--awb-caption-title-size:var(--h2_typography-font-size);--awb-caption-title-transform:var(--h2_typography-text-transform);--awb-caption-title-line-height:var(--h2_typography-line-height);--awb-caption-title-letter-spacing:var(--h2_typography-letter-spacing);\"><span class=\" fusion-imageframe imageframe-none imageframe-2 hover-type-none\"><img decoding=\"async\" width=\"150\" height=\"154\" title=\"Grafik Fr\u00e4ser\" src=\"data:image\/svg+xml,%3Csvg%20xmlns%3D%27http%3A%2F%2Fwww.w3.org%2F2000%2Fsvg%27%20width%3D%27150%27%20height%3D%27154%27%20viewBox%3D%270%200%20150%20154%27%3E%3Crect%20width%3D%27150%27%20height%3D%27154%27%20fill-opacity%3D%220%22%2F%3E%3C%2Fsvg%3E\" data-orig-src=\"https:\/\/www.podologie-wasserburg.de\/wp-content\/uploads\/2020\/01\/Graf-Fr\u00e4ser.png\" alt class=\"lazyload img-responsive wp-image-101\"\/><\/span><\/div><ul style=\"--awb-line-height:23.8px;--awb-icon-width:23.8px;--awb-icon-height:23.8px;--awb-icon-margin:9.8px;--awb-content-margin:33.6px;--awb-circlecolor:#33cccc;--awb-circle-yes-font-size:12.32px;\" class=\"fusion-checklist fusion-checklist-1 fusion-checklist-default type-icons\"><li class=\"fusion-li-item\" style=\"\"><span class=\"icon-wrapper circle-yes\"><i class=\"fusion-li-icon fa-asterisk fas\" aria-hidden=\"true\"><\/i><\/span><div class=\"fusion-li-item-content\">\n<p>umfassende Inspektion<\/p>\n<\/div><\/li><li class=\"fusion-li-item\" style=\"\"><span class=\"icon-wrapper circle-yes\"><i class=\"fusion-li-icon fa-asterisk fas\" aria-hidden=\"true\"><\/i><\/span><div class=\"fusion-li-item-content\">\n<p>Behandlung von Druckstellen<\/p>\n<\/div><\/li><li class=\"fusion-li-item\" style=\"\"><span class=\"icon-wrapper circle-yes\"><i class=\"fusion-li-icon fa-asterisk fas\" aria-hidden=\"true\"><\/i><\/span><div class=\"fusion-li-item-content\">\n<p>H\u00fchneraugen und Rhagaden<\/p>\n<\/div><\/li><li class=\"fusion-li-item\" style=\"\"><span class=\"icon-wrapper circle-yes\"><i class=\"fusion-li-icon fa-asterisk fas\" aria-hidden=\"true\"><\/i><\/span><div class=\"fusion-li-item-content\">\n<p>Nagelver\u00e4nderung oder Nagelverlust<\/p>\n<\/div><\/li><li class=\"fusion-li-item\" style=\"\"><span class=\"icon-wrapper circle-yes\"><i class=\"fusion-li-icon fa-asterisk fas\" aria-hidden=\"true\"><\/i><\/span><div class=\"fusion-li-item-content\">\n<p>Beratung<\/p>\n<\/div><\/li><li class=\"fusion-li-item\" style=\"\"><span class=\"icon-wrapper circle-yes\"><i class=\"fusion-li-icon fa-asterisk fas\" aria-hidden=\"true\"><\/i><\/span><div class=\"fusion-li-item-content\">\n<p>Pr\u00e4vention und Pflege<\/p>\n<\/div><\/li><\/ul><\/div><\/div><div class=\"fusion-layout-column fusion_builder_column fusion-builder-column-2 fusion_builder_column_1_1 1_1 fusion-flex-column\" style=\"--awb-bg-size:cover;--awb-width-large:100%;--awb-margin-top-large:0px;--awb-spacing-right-large:1.92%;--awb-margin-bottom-large:0px;--awb-spacing-left-large:1.92%;--awb-width-medium:100%;--awb-spacing-right-medium:1.92%;--awb-spacing-left-medium:1.92%;--awb-width-small:100%;--awb-spacing-right-small:1.92%;--awb-spacing-left-small:1.92%;\"><div class=\"fusion-column-wrapper fusion-flex-justify-content-flex-start fusion-content-layout-column\"><div class=\"fusion-text fusion-text-1\"><p>Die podologische Behandlung ist Inspektion und Rundum-Service f\u00fcr Ihre F\u00fc\u00dfe &#8211; f\u00fcr ein unbeschwertes Gehen.<\/p>\n<p>F\u00fcr die meisten Menschen ist es selbstverst\u00e4ndlich, ihr Auto regelm\u00e4\u00dfig zur Inspektion zu bringen. Beim Service durch Profis in der Werkstatt werden alle Funktionen gepr\u00fcft, sollen Verschlei\u00df oder sich anbahnende Sch\u00e4den fr\u00fchzeitig erkannt werden. Und nat\u00fcrlich behoben werden, bevor aus leichtem \u00d6lverlust ein kapitaler Motorschaden resultiert. Unser Auto soll einwandfrei funktionieren und zuverl\u00e4ssig anspringen, wir alle wollen sicher und komfortabel unterwegs sein, und jeder wei\u00df, dass ein Parkrempler im Blech, ein verschlissener Zahnriemen oder eine Unwucht im Fahrwerk ganz erhebliche Sch\u00e4den nach sich ziehen kann.<\/p>\n<p>Ein Auto ist ja schlie\u00dflich ein komplexer Apparat, wird stark belastet, soll uns aber dennoch zuverl\u00e4ssig von A nach B bringen.<\/p>\n<p>Komplex &#8230; stark belastet &#8230; zuverl\u00e4ssig von A nach B bringen &#8230; das gilt doch eins zu eins f\u00fcr unsere F\u00fc\u00dfe.<\/p>\n<p>Nur dass wir mit ihnen lebenslang verbunden bleiben, sie nicht nach ein paar Jahren ausmustern k\u00f6nnen. Und trotzdem bekommen sie zumeist weit weniger Aufmerksamkeit.<\/p>\n<p>Dieselben Menschen, die auf die Profiltiefe ihrer Reifen achten, und bei einseitig abgefahrenem Gummi das Fahrwerk in Spur und Sturz justieren lassen, die laufen mit Schuhen herum, an deren Sohlen der Podologe Fehlhaltungen und einseitige Belastungen erkennen kann. Und so mancher ertr\u00e4gt tagein tagaus schmerzenden Druckstellen, wohingegen das Auto beim ersten kratzenden Schleifger\u00e4usch zum Service kommt.<\/p>\n<p>Im Rahmen der podologischen Behandlung werden ihre F\u00fc\u00dfe umfassend inspiziert und eventuelle Beschwerden behandelt. Zu Beginn f\u00fchre ich eine gr\u00fcndliche Anamnese und Untersuchung durch. Dabei achte ich auf Ver\u00e4nderungen des Hautbildes und des Nagelwachstums und ermittele deren Ursachen. Darunter f\u00e4llt auch eine Untersuchung des Schuhwerks.<\/p>\n<p>Behandelt werden dabei Hornhaut, Schwielen oder Schrunden, Druckstellen oder Ver\u00e4nderungen im Nagelwachstum wie eingewachsene oder gerollte N\u00e4gel. Schlie\u00dflich wird ein f\u00fcr den Patienten individueller Plan ausgearbeitet, der Therapieziel und Therapiezeit darlegt, sowie Empfehlungen, wie mit der richtigen Pflege das optimale Ergebnis erreicht werden kann.<\/p>\n<\/div><\/div><\/div><\/div><\/div>\n","protected":false},"excerpt":{"rendered":"","protected":false},"author":1,"featured_media":0,"parent":16,"menu_order":0,"comment_status":"closed","ping_status":"closed","template":"","meta":{"footnotes":""},"class_list":["post-141","page","type-page","status-publish","hentry"],"yoast_head":"<!-- This site is optimized with the Yoast SEO plugin v25.8 - https:\/\/yoast.com\/wordpress\/plugins\/seo\/ -->\n<title>Podologische Behandlung - Podologie Wasserburg<\/title>\n<meta name=\"robots\" content=\"index, follow, max-snippet:-1, max-image-preview:large, max-video-preview:-1\" \/>\n<link rel=\"canonical\" href=\"https:\/\/www.podologie-wasserburg.de\/index.php\/leistungen\/podologische-behandlung\/\" \/>\n<meta property=\"og:locale\" content=\"de_DE\" \/>\n<meta property=\"og:type\" content=\"article\" \/>\n<meta property=\"og:title\" content=\"Podologische Behandlung - Podologie Wasserburg\" \/>\n<meta property=\"og:url\" content=\"https:\/\/www.podologie-wasserburg.de\/index.php\/leistungen\/podologische-behandlung\/\" \/>\n<meta property=\"og:site_name\" content=\"Podologie Wasserburg\" \/>\n<meta property=\"article:modified_time\" content=\"2020-02-11T13:20:16+00:00\" \/>\n<meta name=\"twitter:card\" content=\"summary_large_image\" \/>\n<meta name=\"twitter:label1\" content=\"Gesch\u00e4tzte Lesezeit\" \/>\n\t<meta name=\"twitter:data1\" content=\"5\u00a0Minuten\" \/>\n<script type=\"application\/ld+json\" class=\"yoast-schema-graph\">{\"@context\":\"https:\/\/schema.org\",\"@graph\":[{\"@type\":\"WebPage\",\"@id\":\"https:\/\/www.podologie-wasserburg.de\/index.php\/leistungen\/podologische-behandlung\/\",\"url\":\"https:\/\/www.podologie-wasserburg.de\/index.php\/leistungen\/podologische-behandlung\/\",\"name\":\"Podologische Behandlung - Podologie Wasserburg\",\"isPartOf\":{\"@id\":\"https:\/\/www.podologie-wasserburg.de\/#website\"},\"datePublished\":\"2020-02-11T12:00:14+00:00\",\"dateModified\":\"2020-02-11T13:20:16+00:00\",\"breadcrumb\":{\"@id\":\"https:\/\/www.podologie-wasserburg.de\/index.php\/leistungen\/podologische-behandlung\/#breadcrumb\"},\"inLanguage\":\"de\",\"potentialAction\":[{\"@type\":\"ReadAction\",\"target\":[\"https:\/\/www.podologie-wasserburg.de\/index.php\/leistungen\/podologische-behandlung\/\"]}]},{\"@type\":\"BreadcrumbList\",\"@id\":\"https:\/\/www.podologie-wasserburg.de\/index.php\/leistungen\/podologische-behandlung\/#breadcrumb\",\"itemListElement\":[{\"@type\":\"ListItem\",\"position\":1,\"name\":\"Startseite\",\"item\":\"https:\/\/www.podologie-wasserburg.de\/\"},{\"@type\":\"ListItem\",\"position\":2,\"name\":\"Leistungen\",\"item\":\"https:\/\/www.podologie-wasserburg.de\/index.php\/leistungen\/\"},{\"@type\":\"ListItem\",\"position\":3,\"name\":\"Podologische Behandlung\"}]},{\"@type\":\"WebSite\",\"@id\":\"https:\/\/www.podologie-wasserburg.de\/#website\",\"url\":\"https:\/\/www.podologie-wasserburg.de\/\",\"name\":\"Podologie Wasserburg - Fachpraxis f\u00fcr Fu\u00dfgesundheit\",\"description\":\"Fachpraxis f\u00fcr Fu\u00dfgesundheit\",\"potentialAction\":[{\"@type\":\"SearchAction\",\"target\":{\"@type\":\"EntryPoint\",\"urlTemplate\":\"https:\/\/www.podologie-wasserburg.de\/?s={search_term_string}\"},\"query-input\":{\"@type\":\"PropertyValueSpecification\",\"valueRequired\":true,\"valueName\":\"search_term_string\"}}],\"inLanguage\":\"de\"}]}<\/script>\n<!-- \/ Yoast SEO plugin. -->","yoast_head_json":{"title":"Podologische Behandlung - Podologie Wasserburg","robots":{"index":"index","follow":"follow","max-snippet":"max-snippet:-1","max-image-preview":"max-image-preview:large","max-video-preview":"max-video-preview:-1"},"canonical":"https:\/\/www.podologie-wasserburg.de\/index.php\/leistungen\/podologische-behandlung\/","og_locale":"de_DE","og_type":"article","og_title":"Podologische Behandlung - Podologie Wasserburg","og_url":"https:\/\/www.podologie-wasserburg.de\/index.php\/leistungen\/podologische-behandlung\/","og_site_name":"Podologie Wasserburg","article_modified_time":"2020-02-11T13:20:16+00:00","twitter_card":"summary_large_image","twitter_misc":{"Gesch\u00e4tzte Lesezeit":"5\u00a0Minuten"},"schema":{"@context":"https:\/\/schema.org","@graph":[{"@type":"WebPage","@id":"https:\/\/www.podologie-wasserburg.de\/index.php\/leistungen\/podologische-behandlung\/","url":"https:\/\/www.podologie-wasserburg.de\/index.php\/leistungen\/podologische-behandlung\/","name":"Podologische Behandlung - Podologie Wasserburg","isPartOf":{"@id":"https:\/\/www.podologie-wasserburg.de\/#website"},"datePublished":"2020-02-11T12:00:14+00:00","dateModified":"2020-02-11T13:20:16+00:00","breadcrumb":{"@id":"https:\/\/www.podologie-wasserburg.de\/index.php\/leistungen\/podologische-behandlung\/#breadcrumb"},"inLanguage":"de","potentialAction":[{"@type":"ReadAction","target":["https:\/\/www.podologie-wasserburg.de\/index.php\/leistungen\/podologische-behandlung\/"]}]},{"@type":"BreadcrumbList","@id":"https:\/\/www.podologie-wasserburg.de\/index.php\/leistungen\/podologische-behandlung\/#breadcrumb","itemListElement":[{"@type":"ListItem","position":1,"name":"Startseite","item":"https:\/\/www.podologie-wasserburg.de\/"},{"@type":"ListItem","position":2,"name":"Leistungen","item":"https:\/\/www.podologie-wasserburg.de\/index.php\/leistungen\/"},{"@type":"ListItem","position":3,"name":"Podologische Behandlung"}]},{"@type":"WebSite","@id":"https:\/\/www.podologie-wasserburg.de\/#website","url":"https:\/\/www.podologie-wasserburg.de\/","name":"Podologie Wasserburg - Fachpraxis f\u00fcr Fu\u00dfgesundheit","description":"Fachpraxis f\u00fcr Fu\u00dfgesundheit","potentialAction":[{"@type":"SearchAction","target":{"@type":"EntryPoint","urlTemplate":"https:\/\/www.podologie-wasserburg.de\/?s={search_term_string}"},"query-input":{"@type":"PropertyValueSpecification","valueRequired":true,"valueName":"search_term_string"}}],"inLanguage":"de"}]}},"_links":{"self":[{"href":"https:\/\/www.podologie-wasserburg.de\/index.php\/wp-json\/wp\/v2\/pages\/141","targetHints":{"allow":["GET"]}}],"collection":[{"href":"https:\/\/www.podologie-wasserburg.de\/index.php\/wp-json\/wp\/v2\/pages"}],"about":[{"href":"https:\/\/www.podologie-wasserburg.de\/index.php\/wp-json\/wp\/v2\/types\/page"}],"author":[{"embeddable":true,"href":"https:\/\/www.podologie-wasserburg.de\/index.php\/wp-json\/wp\/v2\/users\/1"}],"replies":[{"embeddable":true,"href":"https:\/\/www.podologie-wasserburg.de\/index.php\/wp-json\/wp\/v2\/comments?post=141"}],"version-history":[{"count":11,"href":"https:\/\/www.podologie-wasserburg.de\/index.php\/wp-json\/wp\/v2\/pages\/141\/revisions"}],"predecessor-version":[{"id":155,"href":"https:\/\/www.podologie-wasserburg.de\/index.php\/wp-json\/wp\/v2\/pages\/141\/revisions\/155"}],"up":[{"embeddable":true,"href":"https:\/\/www.podologie-wasserburg.de\/index.php\/wp-json\/wp\/v2\/pages\/16"}],"wp:attachment":[{"href":"https:\/\/www.podologie-wasserburg.de\/index.php\/wp-json\/wp\/v2\/media?parent=141"}],"curies":[{"name":"wp","href":"https:\/\/api.w.org\/{rel}","templated":true}]}}