{"id":18,"date":"2020-01-27T11:15:06","date_gmt":"2020-01-27T11:15:06","guid":{"rendered":"https:\/\/www.podologie-wasserburg.de\/?page_id=18"},"modified":"2026-01-07T12:32:06","modified_gmt":"2026-01-07T12:32:06","slug":"podologie-wasserburg-fachpraxis-fuer-fussgesundheit","status":"publish","type":"page","link":"https:\/\/www.podologie-wasserburg.de\/","title":{"rendered":"Home"},"content":{"rendered":"<div class=\"fusion-fullwidth fullwidth-box fusion-builder-row-1 fusion-flex-container nonhundred-percent-fullwidth non-hundred-percent-height-scrolling\" style=\"--awb-border-radius-top-left:0px;--awb-border-radius-top-right:0px;--awb-border-radius-bottom-right:0px;--awb-border-radius-bottom-left:0px;--awb-flex-wrap:wrap;\" ><div class=\"fusion-builder-row fusion-row fusion-flex-align-items-flex-start fusion-flex-content-wrap\" style=\"max-width:1144px;margin-left: calc(-4% \/ 2 );margin-right: calc(-4% \/ 2 );\"><div class=\"fusion-layout-column fusion_builder_column fusion-builder-column-0 fusion_builder_column_2_3 2_3 fusion-flex-column\" style=\"--awb-bg-size:cover;--awb-width-large:66.666666666667%;--awb-margin-top-large:0px;--awb-spacing-right-large:2.88%;--awb-margin-bottom-large:20px;--awb-spacing-left-large:2.88%;--awb-width-medium:100%;--awb-spacing-right-medium:1.92%;--awb-spacing-left-medium:1.92%;--awb-width-small:100%;--awb-spacing-right-small:1.92%;--awb-spacing-left-small:1.92%;\"><div class=\"fusion-column-wrapper fusion-column-has-shadow fusion-flex-justify-content-flex-start fusion-content-layout-column\"><div class=\"fusion-title title fusion-title-1 fusion-sep-none fusion-title-text fusion-title-size-one\" style=\"--awb-margin-top-small:0px;--awb-margin-right-small:0px;--awb-margin-bottom-small:20px;--awb-margin-left-small:0px;\"><h1 class=\"fusion-title-heading title-heading-left\" style=\"margin:0;\"><h1>F\u00fcr Ihr Wohlergehen<\/h1><\/h1><\/div><div class=\"fusion-title title fusion-title-2 fusion-sep-none fusion-title-highlight fusion-animate-once fusion-highlight-underline_zigzag fusion-title-size-one\" style=\"--awb-highlight-color:var(--awb-custom10);--awb-margin-top-small:0px;--awb-margin-right-small:0px;--awb-margin-bottom-small:20px;--awb-margin-left-small:0px;\" data-highlight=\"underline_zigzag\"><h1 class=\"fusion-title-heading title-heading-left\" style=\"margin:0;\"><span class=\"fusion-highlighted-text-prefix\">F\u00fcr Ihr <\/span> <span class=\"fusion-highlighted-text-wrapper\"><span class=\"fusion-highlighted-text\">Wohler<\/span><svg xmlns=\"http:\/\/www.w3.org\/2000\/svg\" viewBox=\"0 0 500 150\" preserveAspectRatio=\"none\"><path d=\"M6.1,133.6c0,0,173.4-20.6,328.3-14.5c154.8,6.1,162.2,8.7,162.2,8.7s-262.6-4.9-339.2,13.9 c0,0,113.8-6.1,162.9,6.9\"><\/path><\/svg><\/span> <span class=\"fusion-highlighted-text-postfix\">- Gehen<\/span><\/h1><\/div><div class=\"fusion-title title fusion-title-3 fusion-sep-none fusion-title-text fusion-title-size-two\" style=\"--awb-margin-top-small:0px;--awb-margin-right-small:0px;--awb-margin-bottom-small:20px;--awb-margin-left-small:0px;\"><h2 class=\"fusion-title-heading title-heading-left\" style=\"margin:0;\"><h2><span style=\"font-size: 16px;\">Spezialistin f\u00fcr Orthonyxie &#8211; die Behandlung schmerzhaft eingewachsener Zehenn\u00e4gel mit der <\/span><a style=\"font-size: 16px;\" href=\"https:\/\/www.podologie-wasserburg.de\/index.php\/leistungen\/spangentherapie\/\">Spangentherapie<\/a><\/h2><\/h2><\/div><div class=\"fusion-text fusion-text-1\"><p>Professionelle Behandlung und dauerhafte Besserung bei<\/p>\n<\/div><ul style=\"--awb-size:16px;--awb-line-height:27.2px;--awb-icon-width:27.2px;--awb-icon-height:27.2px;--awb-icon-margin:11.2px;--awb-content-margin:38.4px;--awb-circlecolor:#33cccc;--awb-circle-yes-font-size:14.08px;\" class=\"fusion-checklist fusion-checklist-1 fusion-checklist-default type-icons\"><li class=\"fusion-li-item\" style=\"\"><span class=\"icon-wrapper circle-yes\"><i class=\"fusion-li-icon fa-asterisk fas\" aria-hidden=\"true\"><\/i><\/span><div class=\"fusion-li-item-content\">\n<p>eingewachsenem Nagel<\/p>\n<\/div><\/li><li class=\"fusion-li-item\" style=\"\"><span class=\"icon-wrapper circle-yes\"><i class=\"fusion-li-icon fa-asterisk fas\" aria-hidden=\"true\"><\/i><\/span><div class=\"fusion-li-item-content\">\n<p>Nagelverlust<\/p>\n<\/div><\/li><li class=\"fusion-li-item\" style=\"\"><span class=\"icon-wrapper circle-yes\"><i class=\"fusion-li-icon fa-asterisk fas\" aria-hidden=\"true\"><\/i><\/span><div class=\"fusion-li-item-content\">\n<p>Nagelver\u00e4nderung und Nagelverformung<\/p>\n<\/div><\/li><li class=\"fusion-li-item\" style=\"\"><span class=\"icon-wrapper circle-yes\"><i class=\"fusion-li-icon fa-asterisk fas\" aria-hidden=\"true\"><\/i><\/span><div class=\"fusion-li-item-content\">\n<p>Hauteinrissen<\/p>\n<\/div><\/li><li class=\"fusion-li-item\" style=\"\"><span class=\"icon-wrapper circle-yes\"><i class=\"fusion-li-icon fa-asterisk fas\" aria-hidden=\"true\"><\/i><\/span><div class=\"fusion-li-item-content\">\n<p>Hornhaut<\/p>\n<\/div><\/li><li class=\"fusion-li-item\" style=\"\"><span class=\"icon-wrapper circle-yes\"><i class=\"fusion-li-icon fa-asterisk fas\" aria-hidden=\"true\"><\/i><\/span><div class=\"fusion-li-item-content\">\n<p>H\u00fchneraugen<\/p>\n<\/div><\/li><li class=\"fusion-li-item\" style=\"\"><span class=\"icon-wrapper circle-yes\"><i class=\"fusion-li-icon fa-asterisk fas\" aria-hidden=\"true\"><\/i><\/span><div class=\"fusion-li-item-content\">\n<p>Warzen<\/p>\n<\/div><\/li><li class=\"fusion-li-item\" style=\"\"><span class=\"icon-wrapper circle-yes\"><i class=\"fusion-li-icon fa-asterisk fas\" aria-hidden=\"true\"><\/i><\/span><div class=\"fusion-li-item-content\">\n<p>Druck- und Reibungsschmerz<\/p>\n<\/div><\/li><li class=\"fusion-li-item\" style=\"\"><span class=\"icon-wrapper circle-yes\"><i class=\"fusion-li-icon fa-asterisk fas\" aria-hidden=\"true\"><\/i><\/span><div class=\"fusion-li-item-content\">\n<p>Pilzbefall<\/p>\n<\/div><\/li><\/ul><div class=\"fusion-text fusion-text-2\"><p><strong>Termine werden ausschlie\u00dflich telefonisch vereinbart unter: 08071 &#8211; 922 96 40<\/strong><\/p>\n<\/div><\/div><\/div><div class=\"fusion-layout-column fusion_builder_column fusion-builder-column-1 fusion_builder_column_1_3 1_3 fusion-flex-column\" style=\"--awb-bg-size:cover;--awb-width-large:33.333333333333%;--awb-margin-top-large:0px;--awb-spacing-right-large:5.76%;--awb-margin-bottom-large:20px;--awb-spacing-left-large:5.76%;--awb-width-medium:100%;--awb-spacing-right-medium:1.92%;--awb-spacing-left-medium:1.92%;--awb-width-small:100%;--awb-spacing-right-small:1.92%;--awb-spacing-left-small:1.92%;\"><div class=\"fusion-column-wrapper fusion-column-has-shadow fusion-flex-justify-content-flex-start fusion-content-layout-column\"><div class=\"fusion-image-element awb-imageframe-style awb-imageframe-style-below awb-imageframe-style-1\" style=\"--awb-caption-title-font-family:var(--h3_typography-font-family);--awb-caption-title-font-weight:var(--h3_typography-font-weight);--awb-caption-title-font-style:var(--h3_typography-font-style);--awb-caption-title-size:var(--h3_typography-font-size);--awb-caption-title-transform:var(--h3_typography-text-transform);--awb-caption-title-line-height:var(--h3_typography-line-height);--awb-caption-title-letter-spacing:var(--h3_typography-letter-spacing);\"><span class=\" fusion-imageframe imageframe-none imageframe-1 hover-type-none\"><img decoding=\"async\" width=\"400\" height=\"600\" alt=\"Podologin Heidrun Seeger-Meyer\" src=\"https:\/\/www.podologie-wasserburg.de\/wp-content\/uploads\/2020\/01\/Portr\u00e4t2-redux.jpg\" data-orig-src=\"https:\/\/www.podologie-wasserburg.de\/wp-content\/uploads\/2020\/01\/Portr\u00e4t2-redux-400x600.jpg\" class=\"lazyload img-responsive wp-image-22\" srcset=\"data:image\/svg+xml,%3Csvg%20xmlns%3D%27http%3A%2F%2Fwww.w3.org%2F2000%2Fsvg%27%20width%3D%27761%27%20height%3D%271141%27%20viewBox%3D%270%200%20761%201141%27%3E%3Crect%20width%3D%27761%27%20height%3D%271141%27%20fill-opacity%3D%220%22%2F%3E%3C%2Fsvg%3E\" data-srcset=\"https:\/\/www.podologie-wasserburg.de\/wp-content\/uploads\/2020\/01\/Portr\u00e4t2-redux-200x300.jpg 200w, https:\/\/www.podologie-wasserburg.de\/wp-content\/uploads\/2020\/01\/Portr\u00e4t2-redux-400x600.jpg 400w, https:\/\/www.podologie-wasserburg.de\/wp-content\/uploads\/2020\/01\/Portr\u00e4t2-redux-600x900.jpg 600w, https:\/\/www.podologie-wasserburg.de\/wp-content\/uploads\/2020\/01\/Portr\u00e4t2-redux.jpg 761w\" data-sizes=\"auto\" data-orig-sizes=\"(max-width: 1024px) 100vw, (max-width: 640px) 100vw, 400px\" \/><\/span><div class=\"awb-imageframe-caption-container\" style=\"text-align:right;\"><div class=\"awb-imageframe-caption\"><p class=\"awb-imageframe-caption-text\">Podologin Heidrun von Faber du Faur<\/p><\/div><\/div><\/div><\/div><\/div><\/div><\/div>\n","protected":false},"excerpt":{"rendered":"","protected":false},"author":1,"featured_media":0,"parent":0,"menu_order":0,"comment_status":"closed","ping_status":"closed","template":"","meta":{"footnotes":""},"class_list":["post-18","page","type-page","status-publish","hentry"],"yoast_head":"<!-- This site is optimized with the Yoast SEO plugin v25.8 - https:\/\/yoast.com\/wordpress\/plugins\/seo\/ -->\n<title>Podologie Wasserburg - Fachpraxis f\u00fcr Fu\u00dfgesundheit<\/title>\n<meta name=\"description\" content=\"Professionelle Behandlung von eingewachsenen N\u00e4geln, Nagelverlust, Warzen, H\u00fchneraugen, Druckschmerzen.\" \/>\n<meta name=\"robots\" content=\"index, follow, max-snippet:-1, max-image-preview:large, max-video-preview:-1\" \/>\n<link rel=\"canonical\" href=\"https:\/\/www.podologie-wasserburg.de\/\" \/>\n<meta property=\"og:locale\" content=\"de_DE\" \/>\n<meta property=\"og:type\" content=\"article\" \/>\n<meta property=\"og:title\" content=\"Podologie Wasserburg - Fachpraxis f\u00fcr Fu\u00dfgesundheit\" \/>\n<meta property=\"og:description\" content=\"Professionelle Behandlung von eingewachsenen N\u00e4geln, Nagelverlust, Warzen, H\u00fchneraugen, Druckschmerzen.\" \/>\n<meta property=\"og:url\" content=\"https:\/\/www.podologie-wasserburg.de\/\" \/>\n<meta property=\"og:site_name\" content=\"Podologie Wasserburg\" \/>\n<meta property=\"article:modified_time\" content=\"2026-01-07T12:32:06+00:00\" \/>\n<meta name=\"twitter:card\" content=\"summary_large_image\" \/>\n<meta name=\"twitter:label1\" content=\"Gesch\u00e4tzte Lesezeit\" \/>\n\t<meta name=\"twitter:data1\" content=\"1\u00a0Minute\" \/>\n<script type=\"application\/ld+json\" class=\"yoast-schema-graph\">{\"@context\":\"https:\/\/schema.org\",\"@graph\":[{\"@type\":\"WebPage\",\"@id\":\"https:\/\/www.podologie-wasserburg.de\/\",\"url\":\"https:\/\/www.podologie-wasserburg.de\/\",\"name\":\"Podologie Wasserburg - Fachpraxis f\u00fcr Fu\u00dfgesundheit\",\"isPartOf\":{\"@id\":\"https:\/\/www.podologie-wasserburg.de\/#website\"},\"datePublished\":\"2020-01-27T11:15:06+00:00\",\"dateModified\":\"2026-01-07T12:32:06+00:00\",\"description\":\"Professionelle Behandlung von eingewachsenen N\u00e4geln, Nagelverlust, Warzen, H\u00fchneraugen, Druckschmerzen.\",\"breadcrumb\":{\"@id\":\"https:\/\/www.podologie-wasserburg.de\/#breadcrumb\"},\"inLanguage\":\"de\",\"potentialAction\":[{\"@type\":\"ReadAction\",\"target\":[\"https:\/\/www.podologie-wasserburg.de\/\"]}]},{\"@type\":\"BreadcrumbList\",\"@id\":\"https:\/\/www.podologie-wasserburg.de\/#breadcrumb\",\"itemListElement\":[{\"@type\":\"ListItem\",\"position\":1,\"name\":\"Startseite\",\"item\":\"https:\/\/www.podologie-wasserburg.de\/\"},{\"@type\":\"ListItem\",\"position\":2,\"name\":\"Home\"}]},{\"@type\":\"WebSite\",\"@id\":\"https:\/\/www.podologie-wasserburg.de\/#website\",\"url\":\"https:\/\/www.podologie-wasserburg.de\/\",\"name\":\"Podologie Wasserburg - Fachpraxis f\u00fcr Fu\u00dfgesundheit\",\"description\":\"Fachpraxis f\u00fcr Fu\u00dfgesundheit\",\"potentialAction\":[{\"@type\":\"SearchAction\",\"target\":{\"@type\":\"EntryPoint\",\"urlTemplate\":\"https:\/\/www.podologie-wasserburg.de\/?s={search_term_string}\"},\"query-input\":{\"@type\":\"PropertyValueSpecification\",\"valueRequired\":true,\"valueName\":\"search_term_string\"}}],\"inLanguage\":\"de\"}]}<\/script>\n<!-- \/ Yoast SEO plugin. -->","yoast_head_json":{"title":"Podologie Wasserburg - Fachpraxis f\u00fcr Fu\u00dfgesundheit","description":"Professionelle Behandlung von eingewachsenen N\u00e4geln, Nagelverlust, Warzen, H\u00fchneraugen, Druckschmerzen.","robots":{"index":"index","follow":"follow","max-snippet":"max-snippet:-1","max-image-preview":"max-image-preview:large","max-video-preview":"max-video-preview:-1"},"canonical":"https:\/\/www.podologie-wasserburg.de\/","og_locale":"de_DE","og_type":"article","og_title":"Podologie Wasserburg - Fachpraxis f\u00fcr Fu\u00dfgesundheit","og_description":"Professionelle Behandlung von eingewachsenen N\u00e4geln, Nagelverlust, Warzen, H\u00fchneraugen, Druckschmerzen.","og_url":"https:\/\/www.podologie-wasserburg.de\/","og_site_name":"Podologie Wasserburg","article_modified_time":"2026-01-07T12:32:06+00:00","twitter_card":"summary_large_image","twitter_misc":{"Gesch\u00e4tzte Lesezeit":"1\u00a0Minute"},"schema":{"@context":"https:\/\/schema.org","@graph":[{"@type":"WebPage","@id":"https:\/\/www.podologie-wasserburg.de\/","url":"https:\/\/www.podologie-wasserburg.de\/","name":"Podologie Wasserburg - Fachpraxis f\u00fcr Fu\u00dfgesundheit","isPartOf":{"@id":"https:\/\/www.podologie-wasserburg.de\/#website"},"datePublished":"2020-01-27T11:15:06+00:00","dateModified":"2026-01-07T12:32:06+00:00","description":"Professionelle Behandlung von eingewachsenen N\u00e4geln, Nagelverlust, Warzen, H\u00fchneraugen, Druckschmerzen.","breadcrumb":{"@id":"https:\/\/www.podologie-wasserburg.de\/#breadcrumb"},"inLanguage":"de","potentialAction":[{"@type":"ReadAction","target":["https:\/\/www.podologie-wasserburg.de\/"]}]},{"@type":"BreadcrumbList","@id":"https:\/\/www.podologie-wasserburg.de\/#breadcrumb","itemListElement":[{"@type":"ListItem","position":1,"name":"Startseite","item":"https:\/\/www.podologie-wasserburg.de\/"},{"@type":"ListItem","position":2,"name":"Home"}]},{"@type":"WebSite","@id":"https:\/\/www.podologie-wasserburg.de\/#website","url":"https:\/\/www.podologie-wasserburg.de\/","name":"Podologie Wasserburg - Fachpraxis f\u00fcr Fu\u00dfgesundheit","description":"Fachpraxis f\u00fcr Fu\u00dfgesundheit","potentialAction":[{"@type":"SearchAction","target":{"@type":"EntryPoint","urlTemplate":"https:\/\/www.podologie-wasserburg.de\/?s={search_term_string}"},"query-input":{"@type":"PropertyValueSpecification","valueRequired":true,"valueName":"search_term_string"}}],"inLanguage":"de"}]}},"_links":{"self":[{"href":"https:\/\/www.podologie-wasserburg.de\/index.php\/wp-json\/wp\/v2\/pages\/18","targetHints":{"allow":["GET"]}}],"collection":[{"href":"https:\/\/www.podologie-wasserburg.de\/index.php\/wp-json\/wp\/v2\/pages"}],"about":[{"href":"https:\/\/www.podologie-wasserburg.de\/index.php\/wp-json\/wp\/v2\/types\/page"}],"author":[{"embeddable":true,"href":"https:\/\/www.podologie-wasserburg.de\/index.php\/wp-json\/wp\/v2\/users\/1"}],"replies":[{"embeddable":true,"href":"https:\/\/www.podologie-wasserburg.de\/index.php\/wp-json\/wp\/v2\/comments?post=18"}],"version-history":[{"count":37,"href":"https:\/\/www.podologie-wasserburg.de\/index.php\/wp-json\/wp\/v2\/pages\/18\/revisions"}],"predecessor-version":[{"id":578,"href":"https:\/\/www.podologie-wasserburg.de\/index.php\/wp-json\/wp\/v2\/pages\/18\/revisions\/578"}],"wp:attachment":[{"href":"https:\/\/www.podologie-wasserburg.de\/index.php\/wp-json\/wp\/v2\/media?parent=18"}],"curies":[{"name":"wp","href":"https:\/\/api.w.org\/{rel}","templated":true}]}}