{"id":40,"date":"2020-01-27T12:42:16","date_gmt":"2020-01-27T12:42:16","guid":{"rendered":"https:\/\/www.podologie-wasserburg.de\/?page_id=40"},"modified":"2023-12-08T15:08:12","modified_gmt":"2023-12-08T15:08:12","slug":"nagelprothetik","status":"publish","type":"page","link":"https:\/\/www.podologie-wasserburg.de\/index.php\/leistungen\/nagelprothetik\/","title":{"rendered":"Nagelprothetik"},"content":{"rendered":"<div class=\"fusion-fullwidth fullwidth-box fusion-builder-row-1 fusion-flex-container nonhundred-percent-fullwidth non-hundred-percent-height-scrolling\" style=\"--awb-border-radius-top-left:0px;--awb-border-radius-top-right:0px;--awb-border-radius-bottom-right:0px;--awb-border-radius-bottom-left:0px;--awb-flex-wrap:wrap;\" ><div class=\"fusion-builder-row fusion-row fusion-flex-align-items-flex-start fusion-flex-content-wrap\" style=\"max-width:1144px;margin-left: calc(-4% \/ 2 );margin-right: calc(-4% \/ 2 );\"><div class=\"fusion-layout-column fusion_builder_column fusion-builder-column-0 fusion_builder_column_2_3 2_3 fusion-flex-column\" style=\"--awb-bg-size:cover;--awb-width-large:66.666666666667%;--awb-margin-top-large:0px;--awb-spacing-right-large:2.88%;--awb-margin-bottom-large:20px;--awb-spacing-left-large:2.88%;--awb-width-medium:100%;--awb-spacing-right-medium:1.92%;--awb-spacing-left-medium:1.92%;--awb-width-small:100%;--awb-spacing-right-small:1.92%;--awb-spacing-left-small:1.92%;\"><div class=\"fusion-column-wrapper fusion-column-has-shadow fusion-flex-justify-content-flex-start fusion-content-layout-column\"><div class=\"fusion-image-element \" style=\"--awb-caption-title-font-family:var(--h2_typography-font-family);--awb-caption-title-font-weight:var(--h2_typography-font-weight);--awb-caption-title-font-style:var(--h2_typography-font-style);--awb-caption-title-size:var(--h2_typography-font-size);--awb-caption-title-transform:var(--h2_typography-text-transform);--awb-caption-title-line-height:var(--h2_typography-line-height);--awb-caption-title-letter-spacing:var(--h2_typography-letter-spacing);\"><span class=\" fusion-imageframe imageframe-none imageframe-1 hover-type-none\"><img decoding=\"async\" width=\"600\" height=\"429\" title=\"Nagelprothetik\" src=\"https:\/\/www.podologie-wasserburg.de\/wp-content\/uploads\/2020\/02\/Nagelprothetik.jpg\" data-orig-src=\"https:\/\/www.podologie-wasserburg.de\/wp-content\/uploads\/2020\/02\/Nagelprothetik.jpg\" alt class=\"lazyload img-responsive wp-image-135\" srcset=\"data:image\/svg+xml,%3Csvg%20xmlns%3D%27http%3A%2F%2Fwww.w3.org%2F2000%2Fsvg%27%20width%3D%27600%27%20height%3D%27429%27%20viewBox%3D%270%200%20600%20429%27%3E%3Crect%20width%3D%27600%27%20height%3D%27429%27%20fill-opacity%3D%220%22%2F%3E%3C%2Fsvg%3E\" data-srcset=\"https:\/\/www.podologie-wasserburg.de\/wp-content\/uploads\/2020\/02\/Nagelprothetik-200x143.jpg 200w, https:\/\/www.podologie-wasserburg.de\/wp-content\/uploads\/2020\/02\/Nagelprothetik-400x286.jpg 400w, https:\/\/www.podologie-wasserburg.de\/wp-content\/uploads\/2020\/02\/Nagelprothetik.jpg 600w\" data-sizes=\"auto\" data-orig-sizes=\"(max-width: 1024px) 100vw, (max-width: 640px) 100vw, 600px\" \/><\/span><\/div><\/div><\/div><div class=\"fusion-layout-column fusion_builder_column fusion-builder-column-1 fusion_builder_column_1_3 1_3 fusion-flex-column\" style=\"--awb-bg-size:cover;--awb-width-large:33.333333333333%;--awb-margin-top-large:0px;--awb-spacing-right-large:5.76%;--awb-margin-bottom-large:20px;--awb-spacing-left-large:5.76%;--awb-width-medium:100%;--awb-spacing-right-medium:1.92%;--awb-spacing-left-medium:1.92%;--awb-width-small:100%;--awb-spacing-right-small:1.92%;--awb-spacing-left-small:1.92%;\"><div class=\"fusion-column-wrapper fusion-column-has-shadow fusion-flex-justify-content-flex-start fusion-content-layout-column\"><div class=\"fusion-image-element \" style=\"--awb-caption-title-font-family:var(--h2_typography-font-family);--awb-caption-title-font-weight:var(--h2_typography-font-weight);--awb-caption-title-font-style:var(--h2_typography-font-style);--awb-caption-title-size:var(--h2_typography-font-size);--awb-caption-title-transform:var(--h2_typography-text-transform);--awb-caption-title-line-height:var(--h2_typography-line-height);--awb-caption-title-letter-spacing:var(--h2_typography-letter-spacing);\"><span class=\" fusion-imageframe imageframe-none imageframe-2 hover-type-none\"><img decoding=\"async\" width=\"150\" height=\"116\" title=\"Grafik Proth\" src=\"data:image\/svg+xml,%3Csvg%20xmlns%3D%27http%3A%2F%2Fwww.w3.org%2F2000%2Fsvg%27%20width%3D%27150%27%20height%3D%27116%27%20viewBox%3D%270%200%20150%20116%27%3E%3Crect%20width%3D%27150%27%20height%3D%27116%27%20fill-opacity%3D%220%22%2F%3E%3C%2Fsvg%3E\" data-orig-src=\"https:\/\/www.podologie-wasserburg.de\/wp-content\/uploads\/2020\/01\/Graf-Proth.png\" alt class=\"lazyload img-responsive wp-image-99\"\/><\/span><\/div><ul style=\"--awb-line-height:23.8px;--awb-icon-width:23.8px;--awb-icon-height:23.8px;--awb-icon-margin:9.8px;--awb-content-margin:33.6px;--awb-circlecolor:#33cccc;--awb-circle-yes-font-size:12.32px;\" class=\"fusion-checklist fusion-checklist-1 fusion-checklist-default type-icons\"><li class=\"fusion-li-item\" style=\"\"><span class=\"icon-wrapper circle-yes\"><i class=\"fusion-li-icon fa-asterisk fas\" aria-hidden=\"true\"><\/i><\/span><div class=\"fusion-li-item-content\">\n<p>schmerzfreie Behandlung<\/p>\n<\/div><\/li><li class=\"fusion-li-item\" style=\"\"><span class=\"icon-wrapper circle-yes\"><i class=\"fusion-li-icon fa-asterisk fas\" aria-hidden=\"true\"><\/i><\/span><div class=\"fusion-li-item-content\">\n<p>sieht aus wie die nat\u00fcrlichen N\u00e4gel<\/p>\n<\/div><\/li><li class=\"fusion-li-item\" style=\"\"><span class=\"icon-wrapper circle-yes\"><i class=\"fusion-li-icon fa-asterisk fas\" aria-hidden=\"true\"><\/i><\/span><div class=\"fusion-li-item-content\">\n<p>belastbar wie nat\u00fcrlicher Nagel<\/p>\n<\/div><\/li><li class=\"fusion-li-item\" style=\"\"><span class=\"icon-wrapper circle-yes\"><i class=\"fusion-li-icon fa-asterisk fas\" aria-hidden=\"true\"><\/i><\/span><div class=\"fusion-li-item-content\">\n<p>verhindert Pilzbefall<\/p>\n<\/div><\/li><li class=\"fusion-li-item\" style=\"\"><span class=\"icon-wrapper circle-yes\"><i class=\"fusion-li-icon fa-asterisk fas\" aria-hidden=\"true\"><\/i><\/span><div class=\"fusion-li-item-content\">\n<p>beugt Fehlwachstum vor<\/p>\n<\/div><\/li><li class=\"fusion-li-item\" style=\"\"><span class=\"icon-wrapper circle-yes\"><i class=\"fusion-li-icon fa-asterisk fas\" aria-hidden=\"true\"><\/i><\/span><div class=\"fusion-li-item-content\">\n<p>meist reicht ein Termin<\/p>\n<\/div><\/li><\/ul><\/div><\/div><div class=\"fusion-layout-column fusion_builder_column fusion-builder-column-2 fusion_builder_column_1_1 1_1 fusion-flex-column\" style=\"--awb-bg-size:cover;--awb-width-large:100%;--awb-margin-top-large:0px;--awb-spacing-right-large:1.92%;--awb-margin-bottom-large:0px;--awb-spacing-left-large:1.92%;--awb-width-medium:100%;--awb-spacing-right-medium:1.92%;--awb-spacing-left-medium:1.92%;--awb-width-small:100%;--awb-spacing-right-small:1.92%;--awb-spacing-left-small:1.92%;\"><div class=\"fusion-column-wrapper fusion-flex-justify-content-flex-start fusion-content-layout-column\"><div class=\"fusion-text fusion-text-1\"><p>Prothese \u2013 bei diesem Wort denken sicher die meisten Menschen an so etwas wie einen k\u00fcnstlichen Unterschenkel oder eine Roboterhand aus Titan und Silikon, welche in zehnst\u00fcndiger Operation angen\u00e4ht werden. In der Podologie ist die Prothetik deutlich weniger gewaltig: Behandelt werden Sch\u00e4den des Nagels wie Teilabbr\u00fcche, Risse oder Totalverlust. Ein Zusammenprall beim Sport, ein ungl\u00fccklicher Sto\u00df gegen eine Kante, ein Riss im Nagel, der pl\u00f6tzlich da ist &#8230; die Ursachen sind vielf\u00e4ltig und nicht selten.<\/p>\n<h2>F\u00fcr den K\u00f6rper eine Verletzung<\/h2>\n<p>Die meisten Betroffenen nehmen, wenn der erste Schmerz erst einmal abgeklungen ist, den Verlust als gegeben hin \u2013 als w\u00e4re es ein Steinschlag im Autolack. F\u00fcr den K\u00f6rper aber ist das kein Schaden, sondern eine Verletzung. Und die kann, wenn sie nicht behandelt wird, erhebliche Folgen haben. Das Nagelbett liegt nun offen, ganz oder in Teilen, ist daf\u00fcr aber nicht ausreichend gesch\u00fctzt. Eine offene Eintrittspforte f\u00fcr Pilze, die im feuchtwarmen Klima der Schuhe ohnehin gute Voraussetzungen finden. Und wenn sich ein Nagelpilz einmal festgesetzt hat, ist die Therapie langwierig.<\/p>\n<h2>W\u00e4chst nach \u2013 aber wie?<\/h2>\n<p>Aber ein Nagel w\u00e4chst doch von selbst nach, so die g\u00e4ngige \u00dcberzeugung. Wohl wahr, er w\u00e4chst \u2013 aber wie? Der gesunde Nagel ist an beiden Seiten von einer Art Wall umgeben, und von diesem Wall und dem Nagelbett wird der Nagel gef\u00fchrt. Sein Wachstum wird geleitet wie durch mechanische F\u00fchrungsschienen, und zwar auf beiden Seiten gleichm\u00e4\u00dfig. Wenn nun durch einen Teilverlust diese Gleichm\u00e4\u00dfigkeit beider Seiten und der Kontakt zum Nagelbett nicht mehr gegeben ist, dann kann sich ein schmerzhafter und belastender eingewachsener Nagel entwickeln.<\/p>\n<h2>Vorbeugung statt Schmerz<\/h2>\n<p>Mit einer Nagelprothetik wird die sch\u00fctzende und st\u00fctzende Funktion des Nagels vollst\u00e4ndig wiederhergestellt. Aus lichth\u00e4rtendem Gel werden die Fehlstellen in der individuelle Nagelform modelliert und dann dauerhaft belastbar ausgeh\u00e4rtet. Die Behandlung ist vollkommen schmerzfrei, und der behandelte Nagel kaum von den nat\u00fcrlichen zu unterscheiden. Mit einer pr\u00e4zise ausgef\u00fchrten Nagelprothetik gewinnen die Patienten sowohl die \u00c4sthetik als auch die Sicherheit des Auftretens zur\u00fcck.<\/p>\n<h2>Wie lange dauert die Behandlung?<\/h2>\n<p>In den meisten F\u00e4llen reicht ein einmaliger Behandlungstermin. Nach einer gr\u00fcndlichen Untersuchung fertige ich die Prothese an. Dabei verwende ich ausschlie\u00dflich Gel, dem antimikrobiell wirksame Stoffe beigef\u00fcgt sind, da nur so ein maximaler Schutz z.B. vor Pilzbefall erwirkt wird. Die Prothetik wird dann umgehend unter UV-Licht ausgeh\u00e4rtet. F\u00fcr die Behandlung sollten Sie etwa eine Stunde einplanen. Danach besitzen Sie wieder einen intakten Nagel. Dieser ist genauso stabil und sicher wie ihre nat\u00fcrlichen, und die Prothese ist von den anderen N\u00e4geln praktisch nicht unterscheidbar so dass Sie wieder gepflegt, gesund und sicher auftreten k\u00f6nnen. Ihr k\u00fcnstlicher Nagel ist so stabil und belastbar, dass Sie damit problemlos Sport betreiben k\u00f6nnen.<\/p>\n<h2>Ein Behandlungstermin reicht aus<\/h2>\n<p>F\u00fcr eine Nagelprothetik ist in der Regel ein Behandlungstermin ausreichend. Wenn die Gelprothese erstellt und geh\u00e4rtet ist, muss sie nicht mehr behandelt oder angepasst werden. Sie w\u00e4chst mit dem nat\u00fcrlichen\u00a0 Nagelwachstum heraus und wird so langsam vom nat\u00fcrlichen Nagel ersetzt.<\/p>\n<\/div><\/div><\/div><\/div><\/div>\n","protected":false},"excerpt":{"rendered":"","protected":false},"author":1,"featured_media":0,"parent":16,"menu_order":0,"comment_status":"closed","ping_status":"closed","template":"","meta":{"footnotes":""},"class_list":["post-40","page","type-page","status-publish","hentry"],"yoast_head":"<!-- This site is optimized with the Yoast SEO plugin v25.8 - https:\/\/yoast.com\/wordpress\/plugins\/seo\/ -->\n<title>Nagelprothetik - Podologie Wasserburg<\/title>\n<meta name=\"robots\" content=\"index, follow, max-snippet:-1, max-image-preview:large, max-video-preview:-1\" \/>\n<link rel=\"canonical\" href=\"https:\/\/www.podologie-wasserburg.de\/index.php\/leistungen\/nagelprothetik\/\" \/>\n<meta property=\"og:locale\" content=\"de_DE\" \/>\n<meta property=\"og:type\" content=\"article\" \/>\n<meta property=\"og:title\" content=\"Nagelprothetik - Podologie Wasserburg\" \/>\n<meta property=\"og:url\" content=\"https:\/\/www.podologie-wasserburg.de\/index.php\/leistungen\/nagelprothetik\/\" \/>\n<meta property=\"og:site_name\" content=\"Podologie Wasserburg\" \/>\n<meta property=\"article:modified_time\" content=\"2023-12-08T15:08:12+00:00\" \/>\n<meta name=\"twitter:card\" content=\"summary_large_image\" \/>\n<meta name=\"twitter:label1\" content=\"Gesch\u00e4tzte Lesezeit\" \/>\n\t<meta name=\"twitter:data1\" content=\"7\u00a0Minuten\" \/>\n<script type=\"application\/ld+json\" class=\"yoast-schema-graph\">{\"@context\":\"https:\/\/schema.org\",\"@graph\":[{\"@type\":\"WebPage\",\"@id\":\"https:\/\/www.podologie-wasserburg.de\/index.php\/leistungen\/nagelprothetik\/\",\"url\":\"https:\/\/www.podologie-wasserburg.de\/index.php\/leistungen\/nagelprothetik\/\",\"name\":\"Nagelprothetik - Podologie Wasserburg\",\"isPartOf\":{\"@id\":\"https:\/\/www.podologie-wasserburg.de\/#website\"},\"datePublished\":\"2020-01-27T12:42:16+00:00\",\"dateModified\":\"2023-12-08T15:08:12+00:00\",\"breadcrumb\":{\"@id\":\"https:\/\/www.podologie-wasserburg.de\/index.php\/leistungen\/nagelprothetik\/#breadcrumb\"},\"inLanguage\":\"de\",\"potentialAction\":[{\"@type\":\"ReadAction\",\"target\":[\"https:\/\/www.podologie-wasserburg.de\/index.php\/leistungen\/nagelprothetik\/\"]}]},{\"@type\":\"BreadcrumbList\",\"@id\":\"https:\/\/www.podologie-wasserburg.de\/index.php\/leistungen\/nagelprothetik\/#breadcrumb\",\"itemListElement\":[{\"@type\":\"ListItem\",\"position\":1,\"name\":\"Startseite\",\"item\":\"https:\/\/www.podologie-wasserburg.de\/\"},{\"@type\":\"ListItem\",\"position\":2,\"name\":\"Leistungen\",\"item\":\"https:\/\/www.podologie-wasserburg.de\/index.php\/leistungen\/\"},{\"@type\":\"ListItem\",\"position\":3,\"name\":\"Nagelprothetik\"}]},{\"@type\":\"WebSite\",\"@id\":\"https:\/\/www.podologie-wasserburg.de\/#website\",\"url\":\"https:\/\/www.podologie-wasserburg.de\/\",\"name\":\"Podologie Wasserburg - Fachpraxis f\u00fcr Fu\u00dfgesundheit\",\"description\":\"Fachpraxis f\u00fcr Fu\u00dfgesundheit\",\"potentialAction\":[{\"@type\":\"SearchAction\",\"target\":{\"@type\":\"EntryPoint\",\"urlTemplate\":\"https:\/\/www.podologie-wasserburg.de\/?s={search_term_string}\"},\"query-input\":{\"@type\":\"PropertyValueSpecification\",\"valueRequired\":true,\"valueName\":\"search_term_string\"}}],\"inLanguage\":\"de\"}]}<\/script>\n<!-- \/ Yoast SEO plugin. -->","yoast_head_json":{"title":"Nagelprothetik - Podologie Wasserburg","robots":{"index":"index","follow":"follow","max-snippet":"max-snippet:-1","max-image-preview":"max-image-preview:large","max-video-preview":"max-video-preview:-1"},"canonical":"https:\/\/www.podologie-wasserburg.de\/index.php\/leistungen\/nagelprothetik\/","og_locale":"de_DE","og_type":"article","og_title":"Nagelprothetik - Podologie Wasserburg","og_url":"https:\/\/www.podologie-wasserburg.de\/index.php\/leistungen\/nagelprothetik\/","og_site_name":"Podologie Wasserburg","article_modified_time":"2023-12-08T15:08:12+00:00","twitter_card":"summary_large_image","twitter_misc":{"Gesch\u00e4tzte Lesezeit":"7\u00a0Minuten"},"schema":{"@context":"https:\/\/schema.org","@graph":[{"@type":"WebPage","@id":"https:\/\/www.podologie-wasserburg.de\/index.php\/leistungen\/nagelprothetik\/","url":"https:\/\/www.podologie-wasserburg.de\/index.php\/leistungen\/nagelprothetik\/","name":"Nagelprothetik - Podologie Wasserburg","isPartOf":{"@id":"https:\/\/www.podologie-wasserburg.de\/#website"},"datePublished":"2020-01-27T12:42:16+00:00","dateModified":"2023-12-08T15:08:12+00:00","breadcrumb":{"@id":"https:\/\/www.podologie-wasserburg.de\/index.php\/leistungen\/nagelprothetik\/#breadcrumb"},"inLanguage":"de","potentialAction":[{"@type":"ReadAction","target":["https:\/\/www.podologie-wasserburg.de\/index.php\/leistungen\/nagelprothetik\/"]}]},{"@type":"BreadcrumbList","@id":"https:\/\/www.podologie-wasserburg.de\/index.php\/leistungen\/nagelprothetik\/#breadcrumb","itemListElement":[{"@type":"ListItem","position":1,"name":"Startseite","item":"https:\/\/www.podologie-wasserburg.de\/"},{"@type":"ListItem","position":2,"name":"Leistungen","item":"https:\/\/www.podologie-wasserburg.de\/index.php\/leistungen\/"},{"@type":"ListItem","position":3,"name":"Nagelprothetik"}]},{"@type":"WebSite","@id":"https:\/\/www.podologie-wasserburg.de\/#website","url":"https:\/\/www.podologie-wasserburg.de\/","name":"Podologie Wasserburg - Fachpraxis f\u00fcr Fu\u00dfgesundheit","description":"Fachpraxis f\u00fcr Fu\u00dfgesundheit","potentialAction":[{"@type":"SearchAction","target":{"@type":"EntryPoint","urlTemplate":"https:\/\/www.podologie-wasserburg.de\/?s={search_term_string}"},"query-input":{"@type":"PropertyValueSpecification","valueRequired":true,"valueName":"search_term_string"}}],"inLanguage":"de"}]}},"_links":{"self":[{"href":"https:\/\/www.podologie-wasserburg.de\/index.php\/wp-json\/wp\/v2\/pages\/40","targetHints":{"allow":["GET"]}}],"collection":[{"href":"https:\/\/www.podologie-wasserburg.de\/index.php\/wp-json\/wp\/v2\/pages"}],"about":[{"href":"https:\/\/www.podologie-wasserburg.de\/index.php\/wp-json\/wp\/v2\/types\/page"}],"author":[{"embeddable":true,"href":"https:\/\/www.podologie-wasserburg.de\/index.php\/wp-json\/wp\/v2\/users\/1"}],"replies":[{"embeddable":true,"href":"https:\/\/www.podologie-wasserburg.de\/index.php\/wp-json\/wp\/v2\/comments?post=40"}],"version-history":[{"count":10,"href":"https:\/\/www.podologie-wasserburg.de\/index.php\/wp-json\/wp\/v2\/pages\/40\/revisions"}],"predecessor-version":[{"id":419,"href":"https:\/\/www.podologie-wasserburg.de\/index.php\/wp-json\/wp\/v2\/pages\/40\/revisions\/419"}],"up":[{"embeddable":true,"href":"https:\/\/www.podologie-wasserburg.de\/index.php\/wp-json\/wp\/v2\/pages\/16"}],"wp:attachment":[{"href":"https:\/\/www.podologie-wasserburg.de\/index.php\/wp-json\/wp\/v2\/media?parent=40"}],"curies":[{"name":"wp","href":"https:\/\/api.w.org\/{rel}","templated":true}]}}